{"id":34,"date":"2018-06-30T20:14:44","date_gmt":"2018-06-30T20:14:44","guid":{"rendered":"http:\/\/linden-it-net.de\/?page_id=34"},"modified":"2021-10-29T12:41:06","modified_gmt":"2021-10-29T12:41:06","slug":"finanzmethodik","status":"publish","type":"page","link":"http:\/\/linden-it-net.de\/en\/finanzmethodik\/","title":{"rendered":"Finanzmethodik"},"content":{"rendered":"<h3>Finanzmethodik<\/h3>\n<p>Unter diesem Begriff verstehe ich alles, was damit zu tun hat,\u00a0 Geld &amp; Verm\u00f6gen zu generieren, zu duplizieren und abzusichern. <br \/>Meine Arbeit besteht aus der Recherche nach Unternehmen und Wertpapierinstrumenten, der Fundamental- und Chartanalyse. In der Regel arbeite ich mit Optionsscheinen und Optionen, die bei \u00fcberlegter Auswahl ein beeindruckendes CRV (Chance-Risiko-Verh\u00e4ltnis) bieten.<\/p>\n<p>Die Finanzmethodik ist kein Rezept, welches man dauerhaft anwendet, sie ist ein dynamisches Geschehen. Es nutzt nichts, Zehntausende von Euros auf einem Depot in Aktien oder Optionsscheinen liegen zu haben, das Geld ist durch die Hebelwirkung in die falsche Richtung schnell weg. Wichtiger als der Handel und das Investieren selbst ist die st\u00e4ndige Analyse der M\u00e4rkte und Zyklen und das Wissen, wann das Geld wohin zu verschieben ist. Nach diesen Faktoren entscheide ich, ob und in welche M\u00e4rkte, Sektoren oder ggfs. Unternehmen ich investiere oder ob ich sichere H\u00e4fen wie Edelmetalle oder den Bitcoin ansteuere oder vielleicht auch die Volatilit\u00e4t mit einer Option auf den Volatilit\u00e4tsindex (VIX) handle. Man kann die M\u00e4rkte und das Geschehen drumherum wie die Aktivit\u00e4ten der Zentralbanken und die Geldfl\u00fcsse nicht genug analysieren. Die Analyse und die daraus folgenden Handlungen und Unterlassungen bilden meine Finanzmethodik.<\/p>\n\n\n<p><\/p>","protected":false},"excerpt":{"rendered":"<p>Finanzmethodik Unter diesem Begriff verstehe ich alles, was damit zu tun hat,\u00a0 Geld &amp; Verm\u00f6gen zu generieren, zu duplizieren und abzusichern. Meine Arbeit besteht aus der Recherche nach Unternehmen und Wertpapierinstrumenten, der Fundamental- und Chartanalyse. In der Regel arbeite ich mit Optionsscheinen und Optionen, die bei \u00fcberlegter Auswahl ein beeindruckendes CRV (Chance-Risiko-Verh\u00e4ltnis) bieten. Die Finanzmethodik&#8230;<\/p>\n<p class=\"more-link\"><a href=\"http:\/\/linden-it-net.de\/en\/finanzmethodik\/\" class=\"\"><span>Read More<\/span><i>&#43;<\/i><\/a><\/p>","protected":false},"author":1,"featured_media":0,"parent":0,"menu_order":0,"comment_status":"closed","ping_status":"closed","template":"","meta":{"footnotes":""},"categories":[],"tags":[],"class_list":["post-34","page","type-page","status-publish","hentry"],"_links":{"self":[{"href":"http:\/\/linden-it-net.de\/en\/wp-json\/wp\/v2\/pages\/34","targetHints":{"allow":["GET"]}}],"collection":[{"href":"http:\/\/linden-it-net.de\/en\/wp-json\/wp\/v2\/pages"}],"about":[{"href":"http:\/\/linden-it-net.de\/en\/wp-json\/wp\/v2\/types\/page"}],"author":[{"embeddable":true,"href":"http:\/\/linden-it-net.de\/en\/wp-json\/wp\/v2\/users\/1"}],"replies":[{"embeddable":true,"href":"http:\/\/linden-it-net.de\/en\/wp-json\/wp\/v2\/comments?post=34"}],"version-history":[{"count":9,"href":"http:\/\/linden-it-net.de\/en\/wp-json\/wp\/v2\/pages\/34\/revisions"}],"predecessor-version":[{"id":385,"href":"http:\/\/linden-it-net.de\/en\/wp-json\/wp\/v2\/pages\/34\/revisions\/385"}],"wp:attachment":[{"href":"http:\/\/linden-it-net.de\/en\/wp-json\/wp\/v2\/media?parent=34"}],"wp:term":[{"taxonomy":"category","embeddable":true,"href":"http:\/\/linden-it-net.de\/en\/wp-json\/wp\/v2\/categories?post=34"},{"taxonomy":"post_tag","embeddable":true,"href":"http:\/\/linden-it-net.de\/en\/wp-json\/wp\/v2\/tags?post=34"}],"curies":[{"name":"wp","href":"https:\/\/api.w.org\/{rel}","templated":true}]}}