{"id":234,"date":"2019-05-15T23:20:20","date_gmt":"2019-05-15T23:20:20","guid":{"rendered":"http:\/\/linden-it-net.de\/?page_id=234"},"modified":"2022-11-24T22:31:11","modified_gmt":"2022-11-24T22:31:11","slug":"money-by-code","status":"publish","type":"page","link":"https:\/\/linden-it-net.de\/en\/money-by-code\/","title":{"rendered":"Money by Code"},"content":{"rendered":"<p><img loading=\"lazy\" decoding=\"async\" class=\"wp-image-235 alignright\" src=\"http:\/\/linden-it-net.de\/wp-content\/uploads\/2019\/05\/mql5-225x300.png\" alt=\"\" width=\"241\" height=\"322\" srcset=\"https:\/\/linden-it-net.de\/wp-content\/uploads\/2019\/05\/mql5-225x300.png 225w, https:\/\/linden-it-net.de\/wp-content\/uploads\/2019\/05\/mql5-768x1024.png 768w, https:\/\/linden-it-net.de\/wp-content\/uploads\/2019\/05\/mql5.png 960w\" sizes=\"auto, (max-width: 241px) 100vw, 241px\" \/><\/p>\n<p style=\"text-align: left;\"><strong>Entwicklung von automatisierten Handelssystemen in MQL5 und Zorro<\/strong><\/p>\n<p style=\"text-align: left;\">MQL5 ist die objektorientierte Programmiersprache, mittels derer sich Handelsroboter<br \/>(Expert Advisors (EAs)) f\u00fcr das Handelssystem und Entwicklungs-Framework Metatrader5 programmieren lassen.<\/p>\n<p style=\"text-align: left;\">Es lassen sich von Charts aller Aktien und W\u00e4hrungspaaren die Daten von 10 Jahren und mehr pro Sekunde oder gar Tick herunterladen. \u00dcber diese Daten kann man die EAs laufen lassen (Backtesting) und schauen, wie und ob sie \u00fcberhaupt Gewinn produziert h\u00e4tten. So lassen sich auch Daten von speziellen Events wie bspw. Leitzinsentscheiden von Zentralbanken oder der Ver\u00f6ffentlichung anderer kursbewegender Wirtschaftsdaten (Verbraucherpreisindex, Besch\u00e4ftigungszahlen, etc.) der Vergangenheit dazu nutzen, die EAs zu testen, ob sie zu den gegebenen Zeiten am Markt Gewinne generiert h\u00e4tten.<br \/><br \/><\/p>\n<p><strong>Oktober 2022<\/strong><\/p>\n<p>Ich erstelle nun meine eigenen Statistiken via Python \u00fcber das Marktgeschehen, was zu interessanten Einsichten f\u00fchrt: <br \/><a href=\"https:\/\/youtu.be\/nO3AjmO36cc\" target=\"_blank\" rel=\"noopener\">The 50\/50 Chance Trading Game<\/a><br \/><br \/><\/p>\n<p><strong>September 2021<\/strong><\/p>\n<p>Die Aufgabe mit der automatisierten Geldgenerierung bzw. der Implementierung von Profit-generierenden Handelssystemen erweist sich als sehr komplex. Tausende von Tests von vielen Strategien habe ich gemacht, von denen ich vorab dachte, dass sicherlich einige funktionieren werden:<\/p>\n<ul>\n<li>enge Stopps mit dem Ziel kleiner Profite<\/li>\n<li>enge Stopps mit gro\u00dfen Profiten<\/li>\n<li>weite und sehr weite Stopps mit kleinen oder gro\u00dfen Profiten<\/li>\n<li>und alles dazwischen, was sich mittels des Strategietesters im Metatrader testen l\u00e4sst.<\/li>\n<\/ul>\n<p>Tats\u00e4chlich f\u00fchrt jede Strategie nach wenigen Tagen oder Monaten zu einem leeren Konto. Eine 99% Trefferquote nutzt nichts, weil die eine Position, die in den weiten Stopp l\u00e4uft, alle +Trades auffrisst.<\/p>\n<p>\u00a0<\/p>\n<p><strong>Dezember 2020<\/strong><\/p>\n<p>Ich teste eine Empfehlung des gleichzeitigen Gebrauchs der drei Indikatoren RSI, Stochastics und MACD per Code:<\/p>\n<p><iframe loading=\"lazy\" title=\"Code Check from Markus &quot;How To Find Stocks Before They Break Out - Tutorial&quot; - and it works!\" width=\"1140\" height=\"641\" src=\"https:\/\/www.youtube.com\/embed\/uC6LYzeM6_4?start=3&#038;feature=oembed\" frameborder=\"0\" allow=\"accelerometer; autoplay; clipboard-write; encrypted-media; gyroscope; picture-in-picture\" allowfullscreen><\/iframe><\/p>\n<p>\u00a0<\/p>\n<p><strong>Oktober 2020<\/strong><\/p>\n<p>Es hat sich gezeigt, dass die Strategie, die auf &#8222;enggetakteter&#8220; Kommunikation mit dem Handelsserver beruht, nicht aufgeht, weil die Latenz den Handel damit zum Gl\u00fccksspiel werden l\u00e4sst: Wenn der Code erkennt: &#8222;Position im Gewinn, jetzt schlie\u00dfen&#8220; und die Close-Order an den Server schickt, kann die Position bis zur Ausf\u00fchrung oder sogar bereits, wenn die Close-Order beim Server ankommt, schon wieder im Verlust sein. Rein theoretisch, im Test ohne Latenz, sieht man dennoch, wie sch\u00f6n es w\u00e4re, einen Server direkt bei der B\u00f6rse stehen zu haben und versteht, weshalb daf\u00fcr gewisse Leute viel Geld bezahlen, denn es lohnt sich:<\/p>\n<p><a href=\"https:\/\/youtu.be\/kb6M3sSxFYc\" target=\"_blank\" rel=\"noopener noreferrer\">Expert Advisor \u00fcber 2 Tage auf DAX<\/a><br \/><a href=\"https:\/\/youtu.be\/vcB-6sm76yc\" target=\"_blank\" rel=\"noopener noreferrer\">Expert Advisor \u00fcber 19 Monate auf DAX<\/a><\/p>\n<p>Daher muss ich meine urspr\u00fcnglichen Ans\u00e4tze verwerfen und neue Strategien programmieren und testen, bei deren Handel es nicht auf jede Millisekunde bzw. jeden Tick ankommt wie bspw. diese hier:<\/p>\n<p><a href=\"https:\/\/youtu.be\/koTlAXqKHPA\" target=\"_blank\" rel=\"noopener noreferrer\">Expert Advisor \u00fcber 9 Monate auf EURUSD<\/a><\/p>\n<p>Updates gibt es hier auf <a href=\"https:\/\/www.youtube.com\/channel\/UCGXSjIhpBUrenTZVjMvG8-A\" target=\"_blank\" rel=\"noopener noreferrer\">meinem YouTube-Kanal<\/a><\/p>\n<p>\u00a0<\/p>\n<p><strong>Juli 2020<\/strong><\/p>\n<p>Der Goldesel ist eins meiner\u00a0 aktuellen Projekte, an dem ich seit Q2 2019 arbeite.<br \/>&#8222;Der Goldesel sind mehrere Esel.&#8220; Jede Handelsstrategie ben\u00f6tigt einen eigenen Code. Die eine ist auf bestimmte Zeiten ausgelegt, an denen Wirtschaftsevents stattfinden oder Wirtschaftsdaten bekanntgegeben werden und starke Kursausschl\u00e4ge zu erwarten sind. Der Code erkennt die Richtung, wenn Momentum im Kurs entsteht, positioniert entsprechend einen Trade und schlie\u00dft ihn, sobald das Momentum nachl\u00e4sst. Das ganze dauert ggfs. nur wenige Sekunden.<br \/>Eine andere Strategie ist auf eine Seitw\u00e4rtsphase des Kurses und kontinuierliche kleine Gewinnmitnahmen ausgelegt; das sind andere Bedingungen und die Kauf- und Verkaufssignale werden anders formuliert.<\/p>\n<p>Im Strategietester l\u00e4sst sich der Code, die &#8222;Expert Advisors&#8220; (EA) testen, wenn er hier besteht, schalte ich ihn auf einem Demokonto scharf. Der n\u00e4chste Schritt ist dann die live-Schaltung auf einem Echtgeldkonto.<\/p>\n\n\n<p><\/p>","protected":false},"excerpt":{"rendered":"<p>Entwicklung von automatisierten Handelssystemen in MQL5 und Zorro MQL5 ist die objektorientierte Programmiersprache, mittels derer sich Handelsroboter(Expert Advisors (EAs)) f\u00fcr das Handelssystem und Entwicklungs-Framework Metatrader5 programmieren lassen. Es lassen sich von Charts aller Aktien und W\u00e4hrungspaaren die Daten von 10 Jahren und mehr pro Sekunde oder gar Tick herunterladen. \u00dcber diese Daten kann man die&#8230;<\/p>\n<p class=\"more-link\"><a href=\"https:\/\/linden-it-net.de\/en\/money-by-code\/\" class=\"\"><span>Read More<\/span><i>&#43;<\/i><\/a><\/p>","protected":false},"author":1,"featured_media":0,"parent":0,"menu_order":0,"comment_status":"closed","ping_status":"closed","template":"","meta":{"footnotes":""},"categories":[],"tags":[],"class_list":["post-234","page","type-page","status-publish","hentry"],"_links":{"self":[{"href":"https:\/\/linden-it-net.de\/en\/wp-json\/wp\/v2\/pages\/234","targetHints":{"allow":["GET"]}}],"collection":[{"href":"https:\/\/linden-it-net.de\/en\/wp-json\/wp\/v2\/pages"}],"about":[{"href":"https:\/\/linden-it-net.de\/en\/wp-json\/wp\/v2\/types\/page"}],"author":[{"embeddable":true,"href":"https:\/\/linden-it-net.de\/en\/wp-json\/wp\/v2\/users\/1"}],"replies":[{"embeddable":true,"href":"https:\/\/linden-it-net.de\/en\/wp-json\/wp\/v2\/comments?post=234"}],"version-history":[{"count":10,"href":"https:\/\/linden-it-net.de\/en\/wp-json\/wp\/v2\/pages\/234\/revisions"}],"predecessor-version":[{"id":463,"href":"https:\/\/linden-it-net.de\/en\/wp-json\/wp\/v2\/pages\/234\/revisions\/463"}],"wp:attachment":[{"href":"https:\/\/linden-it-net.de\/en\/wp-json\/wp\/v2\/media?parent=234"}],"wp:term":[{"taxonomy":"category","embeddable":true,"href":"https:\/\/linden-it-net.de\/en\/wp-json\/wp\/v2\/categories?post=234"},{"taxonomy":"post_tag","embeddable":true,"href":"https:\/\/linden-it-net.de\/en\/wp-json\/wp\/v2\/tags?post=234"}],"curies":[{"name":"wp","href":"https:\/\/api.w.org\/{rel}","templated":true}]}}