{"id":259,"date":"2020-01-12T18:41:23","date_gmt":"2020-01-12T18:41:23","guid":{"rendered":"http:\/\/linden-it-net.de\/?page_id=259"},"modified":"2021-09-03T05:09:09","modified_gmt":"2021-09-03T05:09:09","slug":"unternehmensberatung","status":"publish","type":"page","link":"https:\/\/linden-it-net.de\/en\/unternehmensberatung\/","title":{"rendered":"Unternehmensberatung"},"content":{"rendered":"<h3 class=\"wp-block-heading\">Unternehmensberatung<\/h3>\n\n\n\n<p>F\u00fcr speziell gro\u00dfe Unternehmen, die sich in folgenden Situationen befinden:<\/p>\n\n\n\n<ul class=\"wp-block-list\"><li>Historisch gewachsene Umgebung, in der es keine Gesamt\u00fcbersicht mehr gibt.<\/li><li>\u00dcberrannt von all den Entwicklungen der letzten Jahre.<\/li><li>Alte Anwendungen, die sich bislang nicht migrieren lie\u00dfen.<\/li><li>Doppel- oder Multibetrieb in mehreren Anwendungen f\u00fcr den selben Prozess (weil bspw. jemand irgendwann mal etwas verbessern und migrieren wollte, es aber doch nicht vollbrachte).<\/li><li>Abh\u00e4ngigkeit vom Flickwerk vieler Einzelprojekte, die wichtige Funktionen erf\u00fcllen, aber dessen Entwickler dem Unternehmen nicht weiter zur Verf\u00fcgung stehen.<\/li><li>Dokumentationsfreier Betrieb, der von wenigen Personen abh\u00e4ngt, die lange im Unternehmen sind.<\/li><\/ul>\n\n\n\n<p>biete ich an, die Umgebung zu analysieren, mir all die Software, Tools, Scripte und eigens-entwickelten &#8222;L\u00f6sungen&#8220; anzusehen und Ihnen aufzeigen, was f\u00fcr Skills und Personal Sie ben\u00f6tigen, um die Lage wieder in den Griff bekommen zu k\u00f6nnen. Aus meiner umfangreichen Erfahrung wei\u00df ich, dass hier Fehleinsch\u00e4tzungen \u00fcblich sind, zum einen hinsichtlich der gesuchten Unterst\u00fctzung und zum anderen hinsichtlich des Umfangs. <br>Hierzu sind sehr umfangreiche und breitgestreute IT-Kenntnisse notwendig, die weder ein \u00fcblicher Projektmanager noch eine wirtschaftlich ausgerichtete Unternehmensberatung oder die Personalabteilung mitbringen.<br>Ich werde sicher nicht allein die L\u00f6sung implementieren k\u00f6nnen, aber ich kann Sie beraten, wen, wieviele und was Sie dazu ben\u00f6tigen und das ist der erforderliche erste Schritt. <\/p>\n\n\n\n<p><\/p>","protected":false},"excerpt":{"rendered":"<p>Unternehmensberatung F\u00fcr speziell gro\u00dfe Unternehmen, die sich in folgenden Situationen befinden: Historisch gewachsene Umgebung, in der es keine Gesamt\u00fcbersicht mehr gibt. \u00dcberrannt von all den Entwicklungen der letzten Jahre. Alte Anwendungen, die sich bislang nicht migrieren lie\u00dfen. Doppel- oder Multibetrieb in mehreren Anwendungen f\u00fcr den selben Prozess (weil bspw. jemand irgendwann mal etwas verbessern und&#8230;<\/p>\n<p class=\"more-link\"><a href=\"https:\/\/linden-it-net.de\/en\/unternehmensberatung\/\" class=\"\"><span>Read More<\/span><i>&#43;<\/i><\/a><\/p>","protected":false},"author":1,"featured_media":0,"parent":0,"menu_order":0,"comment_status":"closed","ping_status":"closed","template":"","meta":{"footnotes":""},"categories":[],"tags":[],"class_list":["post-259","page","type-page","status-publish","hentry"],"_links":{"self":[{"href":"https:\/\/linden-it-net.de\/en\/wp-json\/wp\/v2\/pages\/259","targetHints":{"allow":["GET"]}}],"collection":[{"href":"https:\/\/linden-it-net.de\/en\/wp-json\/wp\/v2\/pages"}],"about":[{"href":"https:\/\/linden-it-net.de\/en\/wp-json\/wp\/v2\/types\/page"}],"author":[{"embeddable":true,"href":"https:\/\/linden-it-net.de\/en\/wp-json\/wp\/v2\/users\/1"}],"replies":[{"embeddable":true,"href":"https:\/\/linden-it-net.de\/en\/wp-json\/wp\/v2\/comments?post=259"}],"version-history":[{"count":4,"href":"https:\/\/linden-it-net.de\/en\/wp-json\/wp\/v2\/pages\/259\/revisions"}],"predecessor-version":[{"id":370,"href":"https:\/\/linden-it-net.de\/en\/wp-json\/wp\/v2\/pages\/259\/revisions\/370"}],"wp:attachment":[{"href":"https:\/\/linden-it-net.de\/en\/wp-json\/wp\/v2\/media?parent=259"}],"wp:term":[{"taxonomy":"category","embeddable":true,"href":"https:\/\/linden-it-net.de\/en\/wp-json\/wp\/v2\/categories?post=259"},{"taxonomy":"post_tag","embeddable":true,"href":"https:\/\/linden-it-net.de\/en\/wp-json\/wp\/v2\/tags?post=259"}],"curies":[{"name":"wp","href":"https:\/\/api.w.org\/{rel}","templated":true}]}}