{"id":360,"date":"2021-09-02T15:14:42","date_gmt":"2021-09-02T15:14:42","guid":{"rendered":"http:\/\/linden-it-net.de\/?page_id=360"},"modified":"2021-10-07T21:40:32","modified_gmt":"2021-10-07T21:40:32","slug":"smart-contracts","status":"publish","type":"page","link":"https:\/\/linden-it-net.de\/en\/smart-contracts\/","title":{"rendered":"Smart Contracts"},"content":{"rendered":"<h3 id=\"block-60f99401-63a5-4926-a30a-13a764529179\" class=\"block-editor-rich-text__editable block-editor-block-list__block wp-block is-selected is-hovered rich-text\" tabindex=\"0\" role=\"group\" contenteditable=\"true\" aria-multiline=\"true\" aria-label=\"Block: Heading\" data-block=\"60f99401-63a5-4926-a30a-13a764529179\" data-type=\"core\/heading\" data-title=\"Heading\">Smart Contracts auf Blockchains<\/h3>\n<p>Ich entwickle Smart Contracts auf der Ethereum- und ggfs. weiteren Blockchains. Weitere Details folgen bald.<\/p>\n<p>In den 90er Jahren, bis zum Platzen der .com-Blase, wurde das Internet (oder war es die &#8222;Internetszene&#8220;?) von der Allgemeinheit, genau wie heute die &#8222;Cryptoszene samt Blockchains&#8220;, skeptisch betrachtet i.S.v. &#8222;Was machen diese Freaks da, das braucht die Welt doch eigentlich nicht.&#8220;.\u00a0 Schon bald darauf war genau diese Welt davon abh\u00e4ngig und wurde es t\u00e4glich mehr.\u00a0<\/p>\n<p>Ebenso verh\u00e4lt es sich mit dem Cryptogeld und Vertr\u00e4gen auf Blockchains. Alles wird sich dorthin bewegen, ob nun die Gelder aufgrund von Mi\u00dftrauen in die Fiat-W\u00e4hrungen der L\u00e4nder, politischen Unsicherheiten oder der Einfachheit und Geschwindigkeit des Zahlungsverkehrs oder der Vertr\u00e4ge und den damit zusammenh\u00e4ngenden Transaktionen der Welt aufgrund der kompakten und sicheren Verwaltung und Nachvollziehbarkeit. Das Aufsetzen und Nutzen von Smart Contracts auf einer Blockchain ist die Revolution der EDV (elektronische Datenverarbeitung). Sie bietet Sicherheit vor Zugriff und Datenverlust und baut den gesamten Vernetzungsoverhead mitsamt den damit verbundenen Sicherheitsrisiken (Hackerangriffe usw.) ab.<br \/><br \/>Die Anwendungsm\u00f6glichkeiten sind endlos, alle denkbaren Vertragsarten sind umsetzbar.<br \/>Nehmen wir eine Website, auf der Sie f\u00fcr Ihr Projekt Geldgeber suchen. Wenn Sie es so machen wie bspw. https:\/\/www.kickstarter.com\/ und Sie dort in ein Projekt investieren, haben Sie keine Sicherheit und kein Stimmrecht, das angebliche Startup kann sich mit Ihrem Geld aus dem Staub machen. Wenn man dieses Konzept mit einem Smart Contract umsetzt, k\u00f6nnte man einrichten, dass das Startup vor einer Investition einen Request bei allen Geldgebern stellen muss und mind. 50 oder 75% zustimmen m\u00fcssen, bevor das Geld freigegeben wird. So h\u00e4tte jeder Investor neben seinem Stimmrecht nicht nur zus\u00e4tzlich die Information, was mit dem Geld und dem Projekt geschieht, sondern alles w\u00e4re nachgewiesen und in die Blockchain gemei\u00dfelt.<br \/><br \/>W\u00fcrden die Banken Smart Contracts auf Blockchains verwenden, w\u00e4re es vorbei mit den t\u00e4glichen Erstattungszahlungen an gesch\u00e4digte Kunden in Millionenh\u00f6he, weil Kriminelle es mit geklauten Daten hinbekommen, von Konten einfach so Geld abzuheben. Die Technologie bietet Sicherheit vor Betrug.<br \/>Blo\u00df brauchen und wollen Banken diese Technologie nicht, weil die Technologie die Banken \u00fcberfl\u00fcssig macht \ud83d\ude09<br \/><br \/>All die Millionen oder Milliarden an geklauten Daten (Name, Geburtstag, Anschrift, etc) w\u00e4ren f\u00fcr Kriminelle wertlos, wenn sich alle Menschen nur noch Ihren privaten Schl\u00fcssel merken m\u00fcssten, der Ihnen Zugang zu Ihrem Geld und allen Vertr\u00e4gen geben w\u00fcrde.\u00a0<br \/><br \/>Ich starte mit dem Deployment von Smart Contracts auf der Ethereum Blockchain, aber weitere Blockchains wie Cardano und Solana werden vermutlich folgen.<\/p>\n<p>Ich freue mich auf Ihr Interesse.<\/p>\n<p>Ihr Christian Linden<\/p>\n\n\n<p><\/p>","protected":false},"excerpt":{"rendered":"<p>Smart Contracts auf Blockchains Ich entwickle Smart Contracts auf der Ethereum- und ggfs. weiteren Blockchains. Weitere Details folgen bald. In den 90er Jahren, bis zum Platzen der .com-Blase, wurde das Internet (oder war es die &#8222;Internetszene&#8220;?) von der Allgemeinheit, genau wie heute die &#8222;Cryptoszene samt Blockchains&#8220;, skeptisch betrachtet i.S.v. &#8222;Was machen diese Freaks da, das&#8230;<\/p>\n<p class=\"more-link\"><a href=\"https:\/\/linden-it-net.de\/en\/smart-contracts\/\" class=\"\"><span>Read More<\/span><i>&#43;<\/i><\/a><\/p>","protected":false},"author":1,"featured_media":0,"parent":0,"menu_order":0,"comment_status":"closed","ping_status":"closed","template":"","meta":{"footnotes":""},"categories":[],"tags":[],"class_list":["post-360","page","type-page","status-publish","hentry"],"_links":{"self":[{"href":"https:\/\/linden-it-net.de\/en\/wp-json\/wp\/v2\/pages\/360","targetHints":{"allow":["GET"]}}],"collection":[{"href":"https:\/\/linden-it-net.de\/en\/wp-json\/wp\/v2\/pages"}],"about":[{"href":"https:\/\/linden-it-net.de\/en\/wp-json\/wp\/v2\/types\/page"}],"author":[{"embeddable":true,"href":"https:\/\/linden-it-net.de\/en\/wp-json\/wp\/v2\/users\/1"}],"replies":[{"embeddable":true,"href":"https:\/\/linden-it-net.de\/en\/wp-json\/wp\/v2\/comments?post=360"}],"version-history":[{"count":9,"href":"https:\/\/linden-it-net.de\/en\/wp-json\/wp\/v2\/pages\/360\/revisions"}],"predecessor-version":[{"id":383,"href":"https:\/\/linden-it-net.de\/en\/wp-json\/wp\/v2\/pages\/360\/revisions\/383"}],"wp:attachment":[{"href":"https:\/\/linden-it-net.de\/en\/wp-json\/wp\/v2\/media?parent=360"}],"wp:term":[{"taxonomy":"category","embeddable":true,"href":"https:\/\/linden-it-net.de\/en\/wp-json\/wp\/v2\/categories?post=360"},{"taxonomy":"post_tag","embeddable":true,"href":"https:\/\/linden-it-net.de\/en\/wp-json\/wp\/v2\/tags?post=360"}],"curies":[{"name":"wp","href":"https:\/\/api.w.org\/{rel}","templated":true}]}}